{"id":306426,"date":"2023-10-03T13:49:45","date_gmt":"2023-10-03T13:49:45","guid":{"rendered":"https:\/\/cf-models.com\/mon-compte\/"},"modified":"2024-03-28T16:16:20","modified_gmt":"2024-03-28T16:16:20","slug":"mon-compte","status":"publish","type":"page","link":"https:\/\/cf-models.com\/en\/mon-compte\/","title":{"rendered":"My Account"},"content":{"rendered":"<div class=\"woocommerce\"><div class=\"woocommerce-notices-wrapper\"><\/div>\n\n<div class=\"u-columns col2-set\" id=\"customer_login\">\n\n\t<div class=\"u-column1 col-1\">\n\n\n\t\t<h2>Login<\/h2>\n\n\t\t<form class=\"woocommerce-form woocommerce-form-login login\" method=\"post\" novalidate>\n\n\t\t\t\n\t\t\t<p class=\"woocommerce-form-row woocommerce-form-row--wide form-row form-row-wide\">\n\t\t\t\t<label for=\"username\">Username or email address&nbsp;<span class=\"required\" aria-hidden=\"true\">*<\/span><span class=\"screen-reader-text\">Required<\/span><\/label>\n\t\t\t\t<input type=\"text\" class=\"woocommerce-Input woocommerce-Input--text input-text\" name=\"username\" id=\"username\" autocomplete=\"username\" value=\"\" required aria-required=\"true\" \/>\t\t\t<\/p>\n\t\t\t<p class=\"woocommerce-form-row woocommerce-form-row--wide form-row form-row-wide\">\n\t\t\t\t<label for=\"password\">Password&nbsp;<span class=\"required\" aria-hidden=\"true\">*<\/span><span class=\"screen-reader-text\">Required<\/span><\/label>\n\t\t\t\t<input class=\"woocommerce-Input woocommerce-Input--text input-text\" type=\"password\" name=\"password\" id=\"password\" autocomplete=\"current-password\" required aria-required=\"true\" \/>\n\t\t\t<\/p>\n\n\t\t\t\n\t\t\t<p class=\"form-row\">\n\t\t\t\t<label class=\"woocommerce-form__label woocommerce-form__label-for-checkbox woocommerce-form-login__rememberme\">\n\t\t\t\t\t<input class=\"woocommerce-form__input woocommerce-form__input-checkbox\" name=\"rememberme\" type=\"checkbox\" id=\"rememberme\" value=\"forever\" \/> <span>Remember me<\/span>\n\t\t\t\t<\/label>\n\t\t\t\t<input type=\"hidden\" id=\"woocommerce-login-nonce\" name=\"woocommerce-login-nonce\" value=\"accf699ac0\" \/><input type=\"hidden\" name=\"_wp_http_referer\" value=\"\/en\/wp-json\/wp\/v2\/pages\/306426\" \/>\t\t\t\t<button type=\"submit\" class=\"woocommerce-button button woocommerce-form-login__submit\" name=\"login\" value=\"Log in\">Log in<\/button>\n\t\t\t<\/p>\n\t\t\t<p class=\"woocommerce-LostPassword lost_password\">\n\t\t\t\t<a href=\"https:\/\/cf-models.com\/en\/mon-compte\/lost-password\/\">Lost your password?<\/a>\n\t\t\t<\/p>\n\n\t\t\t\n\t\t<\/form>\n\n\n\t<\/div>\n\n\t<div class=\"u-column2 col-2\">\n\n\t\t<h2>Register<\/h2>\n\n\t\t<form method=\"post\" class=\"woocommerce-form woocommerce-form-register register\"  >\n\n\t\t\t\n\t\t\t\n\t\t\t\t<p class=\"woocommerce-form-row woocommerce-form-row--wide form-row form-row-wide\">\n\t\t\t\t\t<label for=\"reg_username\">Username&nbsp;<span class=\"required\" aria-hidden=\"true\">*<\/span><span class=\"screen-reader-text\">Required<\/span><\/label>\n\t\t\t\t\t<input type=\"text\" class=\"woocommerce-Input woocommerce-Input--text input-text\" name=\"username\" id=\"reg_username\" autocomplete=\"username\" value=\"\" required aria-required=\"true\" \/>\t\t\t\t<\/p>\n\n\t\t\t\n\t\t\t<p class=\"woocommerce-form-row woocommerce-form-row--wide form-row form-row-wide\">\n\t\t\t\t<label for=\"reg_email\">Email address&nbsp;<span class=\"required\" aria-hidden=\"true\">*<\/span><span class=\"screen-reader-text\">Required<\/span><\/label>\n\t\t\t\t<input type=\"email\" class=\"woocommerce-Input woocommerce-Input--text input-text\" name=\"email\" id=\"reg_email\" autocomplete=\"email\" value=\"\" required aria-required=\"true\" \/>\t\t\t<\/p>\n\n\t\t\t\n\t\t\t\t<p class=\"woocommerce-form-row woocommerce-form-row--wide form-row form-row-wide\">\n\t\t\t\t\t<label for=\"reg_password\">Password&nbsp;<span class=\"required\" aria-hidden=\"true\">*<\/span><span class=\"screen-reader-text\">Required<\/span><\/label>\n\t\t\t\t\t<input type=\"password\" class=\"woocommerce-Input woocommerce-Input--text input-text\" name=\"password\" id=\"reg_password\" autocomplete=\"new-password\" required aria-required=\"true\" \/>\n\t\t\t\t<\/p>\n\n\t\t\t\n\t\t\t<wc-order-attribution-inputs><\/wc-order-attribution-inputs><div class=\"woocommerce-privacy-policy-text\"><p>Vos donn\u00e9es personnelles seront utilis\u00e9es pour faciliter votre exp\u00e9rience sur ce site web, pour g\u00e9rer l'acc\u00e8s \u00e0 votre compte et pour d'autres raisons d\u00e9crites dans notre  <a href=\"https:\/\/cf-models.com\/panier\/\" class=\"woocommerce-privacy-policy-link\" target=\"_blank\">privacy policy<\/a>.<\/p>\n<\/div>        <p class=\"form-row maspik-field\" style=\"display: none;\" aria-hidden=\"true\">\n            <label for=\"full-name-maspik-hp\">Leave this field empty<\/label>\n            <input type=\"text\" \n                   name=\"full-name-maspik-hp\" \n                   id=\"full-name-maspik-hp\"\n                   value=\"\" \n                   tabindex=\"-1\" \n                   autocomplete=\"off\"\n                   autocorrect=\"off\"\n                   autocapitalize=\"off\"\n                   spellcheck=\"false\"\n                   data-form-type=\"other\"\n                   aria-label=\"Leave this field empty\"\n                   aria-hidden=\"true\">\n        <\/p>\n        <p class=\"form-row maspik-field\" style=\"display: none;\" aria-hidden=\"true\">\n            <label for=\"Maspik-currentYear\">Leave this field empty<\/label>\n            <input type=\"text\" \n                   name=\"Maspik-currentYear\" \n                   id=\"Maspik-currentYear\"\n                   value=\"2026\"\n                   tabindex=\"-1\" \n                   autocomplete=\"off\"\n                   autocorrect=\"off\"\n                   autocapitalize=\"off\"\n                   spellcheck=\"false\"\n                   data-form-type=\"other\"\n                   aria-label=\"Leave this field empty\"\n                   aria-hidden=\"true\">\n        <\/p>\n\n\n    \n\t\t\t<p class=\"woocommerce-form-row form-row\">\n\t\t\t\t<input type=\"hidden\" id=\"woocommerce-register-nonce\" name=\"woocommerce-register-nonce\" value=\"ce2018faaa\" \/><input type=\"hidden\" name=\"_wp_http_referer\" value=\"\/en\/wp-json\/wp\/v2\/pages\/306426\" \/>\t\t\t\t<button type=\"submit\" class=\"woocommerce-Button woocommerce-button button woocommerce-form-register__submit\" name=\"register\" value=\"Register\">Register<\/button>\n\t\t\t<\/p>\n\n\t\t\t\n\t\t<\/form>\n\n\t<\/div>\n\n<\/div>\n\n<\/div>\n","protected":false},"excerpt":{"rendered":"","protected":false},"author":1473,"featured_media":0,"parent":0,"menu_order":0,"comment_status":"closed","ping_status":"closed","template":"","meta":{"_et_pb_use_builder":"","_et_pb_old_content":"","_et_gb_content_width":"","footnotes":""},"class_list":["post-306426","page","type-page","status-publish","hentry"],"yoast_head":"<!-- This site is optimized with the Yoast SEO plugin v27.5 - https:\/\/yoast.com\/product\/yoast-seo-wordpress\/ -->\n<title>My Account - Cf-models<\/title>\n<meta name=\"robots\" content=\"index, follow, max-snippet:-1, max-image-preview:large, max-video-preview:-1\" \/>\n<link rel=\"canonical\" href=\"https:\/\/cf-models.com\/en\/mon-compte\/\" \/>\n<meta property=\"og:locale\" content=\"en_US\" \/>\n<meta property=\"og:type\" content=\"article\" \/>\n<meta property=\"og:title\" content=\"My Account - Cf-models\" \/>\n<meta property=\"og:url\" content=\"https:\/\/cf-models.com\/en\/mon-compte\/\" \/>\n<meta property=\"og:site_name\" content=\"Cf-models\" \/>\n<meta property=\"article:modified_time\" content=\"2024-03-28T16:16:20+00:00\" \/>\n<meta property=\"og:image\" content=\"https:\/\/cf-models.com\/wp-content\/uploads\/2023\/10\/new-store-1415025689-2.png\" \/>\n\t<meta property=\"og:image:width\" content=\"270\" \/>\n\t<meta property=\"og:image:height\" content=\"92\" \/>\n\t<meta property=\"og:image:type\" content=\"image\/png\" \/>\n<meta name=\"twitter:card\" content=\"summary_large_image\" \/>\n<script type=\"application\/ld+json\" class=\"yoast-schema-graph\">{\"@context\":\"https:\\\/\\\/schema.org\",\"@graph\":[{\"@type\":\"WebPage\",\"@id\":\"https:\\\/\\\/cf-models.com\\\/en\\\/mon-compte\\\/\",\"url\":\"https:\\\/\\\/cf-models.com\\\/en\\\/mon-compte\\\/\",\"name\":\"My Account - Cf-models\",\"isPartOf\":{\"@id\":\"https:\\\/\\\/cf-models.com\\\/#website\"},\"datePublished\":\"2023-10-03T13:49:45+00:00\",\"dateModified\":\"2024-03-28T16:16:20+00:00\",\"breadcrumb\":{\"@id\":\"https:\\\/\\\/cf-models.com\\\/en\\\/mon-compte\\\/#breadcrumb\"},\"inLanguage\":\"en-US\",\"potentialAction\":[{\"@type\":\"ReadAction\",\"target\":[\"https:\\\/\\\/cf-models.com\\\/en\\\/mon-compte\\\/\"]}]},{\"@type\":\"BreadcrumbList\",\"@id\":\"https:\\\/\\\/cf-models.com\\\/en\\\/mon-compte\\\/#breadcrumb\",\"itemListElement\":[{\"@type\":\"ListItem\",\"position\":1,\"name\":\"Accueil\",\"item\":\"https:\\\/\\\/cf-models.com\\\/en\\\/boutique\\\/\"},{\"@type\":\"ListItem\",\"position\":2,\"name\":\"My Account\"}]},{\"@type\":\"WebSite\",\"@id\":\"https:\\\/\\\/cf-models.com\\\/#website\",\"url\":\"https:\\\/\\\/cf-models.com\\\/\",\"name\":\"CF-Models\",\"description\":\"\",\"publisher\":{\"@id\":\"https:\\\/\\\/cf-models.com\\\/#organization\"},\"potentialAction\":[{\"@type\":\"SearchAction\",\"target\":{\"@type\":\"EntryPoint\",\"urlTemplate\":\"https:\\\/\\\/cf-models.com\\\/?s={search_term_string}\"},\"query-input\":{\"@type\":\"PropertyValueSpecification\",\"valueRequired\":true,\"valueName\":\"search_term_string\"}}],\"inLanguage\":\"en-US\"},{\"@type\":\"Organization\",\"@id\":\"https:\\\/\\\/cf-models.com\\\/#organization\",\"name\":\"Cf-Models\",\"url\":\"https:\\\/\\\/cf-models.com\\\/\",\"logo\":{\"@type\":\"ImageObject\",\"inLanguage\":\"en-US\",\"@id\":\"https:\\\/\\\/cf-models.com\\\/#\\\/schema\\\/logo\\\/image\\\/\",\"url\":\"https:\\\/\\\/cf-models.com\\\/wp-content\\\/uploads\\\/2023\\\/10\\\/new-store-1415025689.png\",\"contentUrl\":\"https:\\\/\\\/cf-models.com\\\/wp-content\\\/uploads\\\/2023\\\/10\\\/new-store-1415025689.png\",\"width\":270,\"height\":92,\"caption\":\"Cf-Models\"},\"image\":{\"@id\":\"https:\\\/\\\/cf-models.com\\\/#\\\/schema\\\/logo\\\/image\\\/\"}}]}<\/script>\n<!-- \/ Yoast SEO plugin. -->","yoast_head_json":{"title":"My Account - Cf-models","robots":{"index":"index","follow":"follow","max-snippet":"max-snippet:-1","max-image-preview":"max-image-preview:large","max-video-preview":"max-video-preview:-1"},"canonical":"https:\/\/cf-models.com\/en\/mon-compte\/","og_locale":"en_US","og_type":"article","og_title":"My Account - Cf-models","og_url":"https:\/\/cf-models.com\/en\/mon-compte\/","og_site_name":"Cf-models","article_modified_time":"2024-03-28T16:16:20+00:00","og_image":[{"width":270,"height":92,"url":"https:\/\/cf-models.com\/wp-content\/uploads\/2023\/10\/new-store-1415025689-2.png","type":"image\/png"}],"twitter_card":"summary_large_image","schema":{"@context":"https:\/\/schema.org","@graph":[{"@type":"WebPage","@id":"https:\/\/cf-models.com\/en\/mon-compte\/","url":"https:\/\/cf-models.com\/en\/mon-compte\/","name":"My Account - Cf-models","isPartOf":{"@id":"https:\/\/cf-models.com\/#website"},"datePublished":"2023-10-03T13:49:45+00:00","dateModified":"2024-03-28T16:16:20+00:00","breadcrumb":{"@id":"https:\/\/cf-models.com\/en\/mon-compte\/#breadcrumb"},"inLanguage":"en-US","potentialAction":[{"@type":"ReadAction","target":["https:\/\/cf-models.com\/en\/mon-compte\/"]}]},{"@type":"BreadcrumbList","@id":"https:\/\/cf-models.com\/en\/mon-compte\/#breadcrumb","itemListElement":[{"@type":"ListItem","position":1,"name":"Accueil","item":"https:\/\/cf-models.com\/en\/boutique\/"},{"@type":"ListItem","position":2,"name":"My Account"}]},{"@type":"WebSite","@id":"https:\/\/cf-models.com\/#website","url":"https:\/\/cf-models.com\/","name":"CF-Models","description":"","publisher":{"@id":"https:\/\/cf-models.com\/#organization"},"potentialAction":[{"@type":"SearchAction","target":{"@type":"EntryPoint","urlTemplate":"https:\/\/cf-models.com\/?s={search_term_string}"},"query-input":{"@type":"PropertyValueSpecification","valueRequired":true,"valueName":"search_term_string"}}],"inLanguage":"en-US"},{"@type":"Organization","@id":"https:\/\/cf-models.com\/#organization","name":"Cf-Models","url":"https:\/\/cf-models.com\/","logo":{"@type":"ImageObject","inLanguage":"en-US","@id":"https:\/\/cf-models.com\/#\/schema\/logo\/image\/","url":"https:\/\/cf-models.com\/wp-content\/uploads\/2023\/10\/new-store-1415025689.png","contentUrl":"https:\/\/cf-models.com\/wp-content\/uploads\/2023\/10\/new-store-1415025689.png","width":270,"height":92,"caption":"Cf-Models"},"image":{"@id":"https:\/\/cf-models.com\/#\/schema\/logo\/image\/"}}]}},"_links":{"self":[{"href":"https:\/\/cf-models.com\/en\/wp-json\/wp\/v2\/pages\/306426","targetHints":{"allow":["GET"]}}],"collection":[{"href":"https:\/\/cf-models.com\/en\/wp-json\/wp\/v2\/pages"}],"about":[{"href":"https:\/\/cf-models.com\/en\/wp-json\/wp\/v2\/types\/page"}],"author":[{"embeddable":true,"href":"https:\/\/cf-models.com\/en\/wp-json\/wp\/v2\/users\/1473"}],"replies":[{"embeddable":true,"href":"https:\/\/cf-models.com\/en\/wp-json\/wp\/v2\/comments?post=306426"}],"version-history":[{"count":1,"href":"https:\/\/cf-models.com\/en\/wp-json\/wp\/v2\/pages\/306426\/revisions"}],"predecessor-version":[{"id":327006,"href":"https:\/\/cf-models.com\/en\/wp-json\/wp\/v2\/pages\/306426\/revisions\/327006"}],"wp:attachment":[{"href":"https:\/\/cf-models.com\/en\/wp-json\/wp\/v2\/media?parent=306426"}],"curies":[{"name":"wp","href":"https:\/\/api.w.org\/{rel}","templated":true}]}}