{"id":339568,"date":"1999-03-30T08:29:38","date_gmt":"1999-03-30T08:29:38","guid":{"rendered":"https:\/\/cf-models.com\/product\/motorart-300089-volvo-fmx-6x4-benne-black-edition\/"},"modified":"1999-03-30T08:29:38","modified_gmt":"1999-03-30T08:29:38","slug":"motorart-300089-volvo-fmx-6x4-benne-black-edition","status":"publish","type":"product","link":"https:\/\/cf-models.com\/nl\/product\/motorart-300089-volvo-fmx-6x4-benne-black-edition\/","title":{"rendered":"Motorart 300089 Volvo FMX 6\u00d74 benne black \u00e9dition"},"content":{"rendered":"","protected":false},"excerpt":{"rendered":"<p>Motorart 300089 Volvo FMX 6\u00d74 benne black \u00e9dition<\/p>\n","protected":false},"featured_media":0,"template":"","meta":{"_et_pb_use_builder":"","_et_pb_old_content":"","_et_gb_content_width":""},"product_brand":[],"product_cat":[272],"product_tag":[],"class_list":{"0":"post-339568","1":"product","2":"type-product","3":"status-publish","5":"product_cat-basis-modellen-accessoires-150","7":"first","8":"outofstock","9":"taxable","10":"shipping-taxable","11":"purchasable","12":"product-type-simple"},"yoast_head":"<!-- This site is optimized with the Yoast SEO plugin v27.3 - https:\/\/yoast.com\/product\/yoast-seo-wordpress\/ -->\n<title>Motorart 300089 Volvo FMX 6\u00d74 benne black \u00e9dition - Cf-models<\/title>\n<meta name=\"robots\" content=\"index, follow, max-snippet:-1, max-image-preview:large, max-video-preview:-1\" \/>\n<link rel=\"canonical\" href=\"https:\/\/cf-models.com\/nl\/product\/motorart-300089-volvo-fmx-6x4-benne-black-edition\/\" \/>\n<meta property=\"og:locale\" content=\"nl_NL\" \/>\n<meta property=\"og:type\" content=\"article\" \/>\n<meta property=\"og:title\" content=\"Motorart 300089 Volvo FMX 6\u00d74 benne black \u00e9dition - Cf-models\" \/>\n<meta property=\"og:description\" content=\"Motorart 300089 Volvo FMX 6\u00d74 benne black \u00e9dition\" \/>\n<meta property=\"og:url\" content=\"https:\/\/cf-models.com\/nl\/product\/motorart-300089-volvo-fmx-6x4-benne-black-edition\/\" \/>\n<meta property=\"og:site_name\" content=\"Cf-models\" \/>\n<meta property=\"og:image\" content=\"https:\/\/cf-models.com\/wp-content\/uploads\/2023\/10\/new-store-1415025689-2.png\" \/>\n\t<meta property=\"og:image:width\" content=\"270\" \/>\n\t<meta property=\"og:image:height\" content=\"92\" \/>\n\t<meta property=\"og:image:type\" content=\"image\/png\" \/>\n<meta name=\"twitter:card\" content=\"summary_large_image\" \/>\n<script type=\"application\/ld+json\" class=\"yoast-schema-graph\">{\"@context\":\"https:\\\/\\\/schema.org\",\"@graph\":[{\"@type\":\"WebPage\",\"@id\":\"https:\\\/\\\/cf-models.com\\\/nl\\\/product\\\/motorart-300089-volvo-fmx-6x4-benne-black-edition\\\/\",\"url\":\"https:\\\/\\\/cf-models.com\\\/nl\\\/product\\\/motorart-300089-volvo-fmx-6x4-benne-black-edition\\\/\",\"name\":\"Motorart 300089 Volvo FMX 6\u00d74 benne black \u00e9dition - Cf-models\",\"isPartOf\":{\"@id\":\"https:\\\/\\\/cf-models.com\\\/#website\"},\"datePublished\":\"1999-03-30T08:29:38+00:00\",\"breadcrumb\":{\"@id\":\"https:\\\/\\\/cf-models.com\\\/nl\\\/product\\\/motorart-300089-volvo-fmx-6x4-benne-black-edition\\\/#breadcrumb\"},\"inLanguage\":\"nl-NL\",\"potentialAction\":[{\"@type\":\"ReadAction\",\"target\":[\"https:\\\/\\\/cf-models.com\\\/nl\\\/product\\\/motorart-300089-volvo-fmx-6x4-benne-black-edition\\\/\"]}]},{\"@type\":\"BreadcrumbList\",\"@id\":\"https:\\\/\\\/cf-models.com\\\/nl\\\/product\\\/motorart-300089-volvo-fmx-6x4-benne-black-edition\\\/#breadcrumb\",\"itemListElement\":[{\"@type\":\"ListItem\",\"position\":1,\"name\":\"Accueil\",\"item\":\"https:\\\/\\\/cf-models.com\\\/nl\\\/\"},{\"@type\":\"ListItem\",\"position\":2,\"name\":\"Producten\",\"item\":\"https:\\\/\\\/cf-models.com\\\/nl\\\/divi-child\\\/\"},{\"@type\":\"ListItem\",\"position\":3,\"name\":\"Motorart 300089 Volvo FMX 6\u00d74 benne black \u00e9dition\"}]},{\"@type\":\"WebSite\",\"@id\":\"https:\\\/\\\/cf-models.com\\\/#website\",\"url\":\"https:\\\/\\\/cf-models.com\\\/\",\"name\":\"CF-Models\",\"description\":\"\",\"publisher\":{\"@id\":\"https:\\\/\\\/cf-models.com\\\/#organization\"},\"potentialAction\":[{\"@type\":\"SearchAction\",\"target\":{\"@type\":\"EntryPoint\",\"urlTemplate\":\"https:\\\/\\\/cf-models.com\\\/?s={search_term_string}\"},\"query-input\":{\"@type\":\"PropertyValueSpecification\",\"valueRequired\":true,\"valueName\":\"search_term_string\"}}],\"inLanguage\":\"nl-NL\"},{\"@type\":\"Organization\",\"@id\":\"https:\\\/\\\/cf-models.com\\\/#organization\",\"name\":\"Cf-Models\",\"url\":\"https:\\\/\\\/cf-models.com\\\/\",\"logo\":{\"@type\":\"ImageObject\",\"inLanguage\":\"nl-NL\",\"@id\":\"https:\\\/\\\/cf-models.com\\\/#\\\/schema\\\/logo\\\/image\\\/\",\"url\":\"https:\\\/\\\/cf-models.com\\\/wp-content\\\/uploads\\\/2023\\\/10\\\/new-store-1415025689.png\",\"contentUrl\":\"https:\\\/\\\/cf-models.com\\\/wp-content\\\/uploads\\\/2023\\\/10\\\/new-store-1415025689.png\",\"width\":270,\"height\":92,\"caption\":\"Cf-Models\"},\"image\":{\"@id\":\"https:\\\/\\\/cf-models.com\\\/#\\\/schema\\\/logo\\\/image\\\/\"}}]}<\/script>\n<!-- \/ Yoast SEO plugin. -->","yoast_head_json":{"title":"Motorart 300089 Volvo FMX 6\u00d74 benne black \u00e9dition - Cf-models","robots":{"index":"index","follow":"follow","max-snippet":"max-snippet:-1","max-image-preview":"max-image-preview:large","max-video-preview":"max-video-preview:-1"},"canonical":"https:\/\/cf-models.com\/nl\/product\/motorart-300089-volvo-fmx-6x4-benne-black-edition\/","og_locale":"nl_NL","og_type":"article","og_title":"Motorart 300089 Volvo FMX 6\u00d74 benne black \u00e9dition - Cf-models","og_description":"Motorart 300089 Volvo FMX 6\u00d74 benne black \u00e9dition","og_url":"https:\/\/cf-models.com\/nl\/product\/motorart-300089-volvo-fmx-6x4-benne-black-edition\/","og_site_name":"Cf-models","og_image":[{"width":270,"height":92,"url":"https:\/\/cf-models.com\/wp-content\/uploads\/2023\/10\/new-store-1415025689-2.png","type":"image\/png"}],"twitter_card":"summary_large_image","schema":{"@context":"https:\/\/schema.org","@graph":[{"@type":"WebPage","@id":"https:\/\/cf-models.com\/nl\/product\/motorart-300089-volvo-fmx-6x4-benne-black-edition\/","url":"https:\/\/cf-models.com\/nl\/product\/motorart-300089-volvo-fmx-6x4-benne-black-edition\/","name":"Motorart 300089 Volvo FMX 6\u00d74 benne black \u00e9dition - Cf-models","isPartOf":{"@id":"https:\/\/cf-models.com\/#website"},"datePublished":"1999-03-30T08:29:38+00:00","breadcrumb":{"@id":"https:\/\/cf-models.com\/nl\/product\/motorart-300089-volvo-fmx-6x4-benne-black-edition\/#breadcrumb"},"inLanguage":"nl-NL","potentialAction":[{"@type":"ReadAction","target":["https:\/\/cf-models.com\/nl\/product\/motorart-300089-volvo-fmx-6x4-benne-black-edition\/"]}]},{"@type":"BreadcrumbList","@id":"https:\/\/cf-models.com\/nl\/product\/motorart-300089-volvo-fmx-6x4-benne-black-edition\/#breadcrumb","itemListElement":[{"@type":"ListItem","position":1,"name":"Accueil","item":"https:\/\/cf-models.com\/nl\/"},{"@type":"ListItem","position":2,"name":"Producten","item":"https:\/\/cf-models.com\/nl\/divi-child\/"},{"@type":"ListItem","position":3,"name":"Motorart 300089 Volvo FMX 6\u00d74 benne black \u00e9dition"}]},{"@type":"WebSite","@id":"https:\/\/cf-models.com\/#website","url":"https:\/\/cf-models.com\/","name":"CF-Models","description":"","publisher":{"@id":"https:\/\/cf-models.com\/#organization"},"potentialAction":[{"@type":"SearchAction","target":{"@type":"EntryPoint","urlTemplate":"https:\/\/cf-models.com\/?s={search_term_string}"},"query-input":{"@type":"PropertyValueSpecification","valueRequired":true,"valueName":"search_term_string"}}],"inLanguage":"nl-NL"},{"@type":"Organization","@id":"https:\/\/cf-models.com\/#organization","name":"Cf-Models","url":"https:\/\/cf-models.com\/","logo":{"@type":"ImageObject","inLanguage":"nl-NL","@id":"https:\/\/cf-models.com\/#\/schema\/logo\/image\/","url":"https:\/\/cf-models.com\/wp-content\/uploads\/2023\/10\/new-store-1415025689.png","contentUrl":"https:\/\/cf-models.com\/wp-content\/uploads\/2023\/10\/new-store-1415025689.png","width":270,"height":92,"caption":"Cf-Models"},"image":{"@id":"https:\/\/cf-models.com\/#\/schema\/logo\/image\/"}}]}},"_links":{"self":[{"href":"https:\/\/cf-models.com\/nl\/wp-json\/wp\/v2\/product\/339568","targetHints":{"allow":["GET"]}}],"collection":[{"href":"https:\/\/cf-models.com\/nl\/wp-json\/wp\/v2\/product"}],"about":[{"href":"https:\/\/cf-models.com\/nl\/wp-json\/wp\/v2\/types\/product"}],"wp:attachment":[{"href":"https:\/\/cf-models.com\/nl\/wp-json\/wp\/v2\/media?parent=339568"}],"wp:term":[{"taxonomy":"product_brand","embeddable":true,"href":"https:\/\/cf-models.com\/nl\/wp-json\/wp\/v2\/product_brand?post=339568"},{"taxonomy":"product_cat","embeddable":true,"href":"https:\/\/cf-models.com\/nl\/wp-json\/wp\/v2\/product_cat?post=339568"},{"taxonomy":"product_tag","embeddable":true,"href":"https:\/\/cf-models.com\/nl\/wp-json\/wp\/v2\/product_tag?post=339568"}],"curies":[{"name":"wp","href":"https:\/\/api.w.org\/{rel}","templated":true}]}}